{"id":560,"date":"2013-08-07T16:29:34","date_gmt":"2013-08-07T15:29:34","guid":{"rendered":"http:\/\/www.svenscholz.de\/?page_id=560"},"modified":"2014-06-20T12:01:17","modified_gmt":"2014-06-20T11:01:17","slug":"singvoegel","status":"publish","type":"page","link":"https:\/\/svenscholz.de\/index.php\/singvoegel\/","title":{"rendered":"Singv\u00f8gel"},"content":{"rendered":"<p><a href=\"http:\/\/www.ipernity.com\/doc\/singvoegel\/11780465\" target=\"_blank\"><img loading=\"lazy\" decoding=\"async\" title=\"111114 2030 DSC0084\" alt=\"111114 2030 DSC0084\" src=\"http:\/\/u1.ipernity.com\/20\/04\/65\/11780465.6143f099.640.jpg?r1\" width=\"640\" height=\"401\" \/><\/a><\/p>\n<p>Ich spiele Schlagzeug und diverse Percussions, seit Mitte der 80ger. Und seit 2006 mit <a href=\"http:\/\/troubadoura.de\" target=\"_blank\">Karan<\/a> und <a href=\"http:\/\/eibensang.de\" target=\"_blank\">Duke<\/a> in der Band <a href=\"http:\/\/singvoegel.com\" target=\"_blank\">Singv\u00f8gel<\/a>, f\u00fcr die ich auch arrangiere und sogar auch hin und wieder etwas komponiere.<\/p>\n<p>Mit Singv\u00f8gel habe ich inzwischen 4 Alben aufgenommen &#8211; zwei davon noch im technisch etwas holprigen &#8222;Homerecording&#8220;-Modus, aber die dritte, <a href=\"https:\/\/soundcloud.com\/singvogel\/sets\/jetzt\/\" target=\"_blank\">&#8222;JETZT&#8220;<\/a>, zum zehnj\u00e4hrigen Bestehen der Band im Jahr 2012, und die <a href=\"http:\/\/www.singvoegel.com\/index.php\/westwind\/\" target=\"_blank\">aktuelle WESTWIND<\/a>, wurden professionell produziert von <a href=\"http:\/\/www.ingovogelmann.com\/\" target=\"_blank\">Ingo Vogelmann<\/a>, einem absolut tollen <a href=\"https:\/\/soundcloud.com\/vogelmann\/sets\/wherever-you-are\" target=\"_blank\">Musiker<\/a>, au\u00dfergew\u00f6hnlichem DJ und lieben Freund.<\/p>\n<p><iframe loading=\"lazy\" width=\"100%\" height=\"650\" scrolling=\"no\" frameborder=\"no\" src=\"https:\/\/w.soundcloud.com\/player\/?url=https%3A\/\/api.soundcloud.com\/playlists\/17616515&amp;color=ff5500&amp;auto_play=false&amp;hide_related=false&amp;show_artwork=true&amp;show_comments=true&amp;show_user=true&amp;show_reposts=false\"><\/iframe><\/p>\n<p><iframe loading=\"lazy\" src=\"https:\/\/w.soundcloud.com\/player\/?url=http%3A%2F%2Fapi.soundcloud.com%2Fplaylists%2F2224026&amp;color=ff6600&amp;auto_play=false&amp;show_artwork=true\" height=\"500\" width=\"100%\" frameborder=\"no\" scrolling=\"no\"><\/iframe><\/p>\n<p>Ja, ich promote meine Band auch hier in meinem Blog, denn ich finde, unsere Musik hat das verdient. Ich bin stolz und gl\u00fccklich, mit zwei absolut au\u00dfergew\u00f6hnlichen Songwritern zusammenarbeiten zu d\u00fcrfen, deren Textqualit\u00e4ten weit jenseits allem liegen, was man so im Dudelfunk an den Kopf geworfen bekommt. Als die beiden mich 2006 in die Band holten, nach vier Jahren Duo, musste ich deshalb nicht lang \u00fcberlegen.<\/p>\n<p>OK, ich habe doch lange \u00fcberlegt, denn das erste Mal fragten sie mich schon um 2004 herum, aber dass ich so lange z\u00f6gerte lag nicht an den Kompositionen oder Texten, sondern an mir: ich sage solchen Dingen, die andere in Abh\u00e4ngigkeiten zu mir setzen, nur dann zu, wenn ich auch sicher bin, dass ich das wirklich durchziehen kann. Es n\u00fctzt niemandem, wenn ich etwas zusage, das ich am Ende selbst nicht einhalten k\u00f6nnte. 2006 jedenfalls war es dann soweit. Nach 13 Jahren spielte ich wieder in einer Band &#8211; und hatte seit Jahren das erste Mal wieder das Gef\u00fchl, etwas zu machen, was mir entspricht und das ich &#8222;bin&#8220;.<\/p>\n<p>Wir tingelten durch die Gegend, Clubs, kleine und gr\u00f6\u00dfere Festivals, auch mal Demos und Charity-Gigs, wo es um Dinge geht, die uns am Herzen liegen. Die Songs wurden musikalischer, instrumenteller, Karans und Dukes sehr veschiedenen Stile verschmolzen zu einem Sound und einer Identit\u00e4t, die unsere Songs inzwischen eindeutig als &#8222;Singv\u00f8gel&#8220; erkennbar macht, einzeln zueinander und zusammen \u00fcberhaupt. Ich liebe Abwechslung und ich liebe Herausforderungen, und bei den Singv\u00f8geln habe ich diese gro\u00dfe Bandbreite zwischen Dukes und Karans Songs einerseits und die Herausforderung, diese im Rohzustand meist sehr eigenen Songs zu eindeutigen &#8222;Singv\u00f8gel-Songs&#8220; zu machen, ohne ihnen ihre Individualit\u00e4t zu nehmen.<\/p>\n<p><iframe loading=\"lazy\" src=\"\/\/player.vimeo.com\/video\/54635960\" width=\"640\" height=\"360\" frameborder=\"0\" webkitallowfullscreen mozallowfullscreen allowfullscreen><\/iframe> <\/p>\n<p><a href=\"http:\/\/vimeo.com\/54635960\" target=\"_blank\">Singv\u00f8gel &#8211; Dea Dia &#8211; offizielles Video<\/a> from <a href=\"http:\/\/vimeo.com\/singvoegel\" target=\"_blank\">Singv&oslash;gel<\/a> on <a href=\"https:\/\/vimeo.com\" target=\"_blank\">Vimeo<\/a>.<\/p>\n<p>Ich denke, dass das genau mein Beitrag zur Band ist, eben das zu erreichen: aus Dukes und Karans sehr speziellen Liedern, ihrer Poesie und ihren v\u00f6llig kontr\u00e4ren musikalischen Backgrounds authentische Singv\u00f8gel-Songs zu machen, wie sie nur von den Singv\u00f8geln kommen k\u00f6nnen und die die Singv\u00f8gel zu mehr als nur der Summe ihrer Teile machen.<\/p>\n<p>Und ich denke, dass mir das auch gut gelungen ist, \u00fcber die letzten Jahre. Und sp\u00e4testens zusammen mit Ingo, mit dem ich mich musikalisch absolut blind verstehe, sehe ich uns jetzt an einem Punkt angelangt, an dem auch ich oller Perfektionist sagen kann: ja, so kann man das lassen, das ist, was ich wollte &#8211; das ist der Punkt, von dem aus jetzt nicht mehr Technik oder Qualit\u00e4t die H\u00fcrde ist sondern &#8222;nur&#8220; noch die eigene Ambition, der eigene Anspruch und die eigene Lust am &#8222;mehr&#8220;. Und die ist da, aber sowas von!<\/p>\n<p>Die CD-Pressung der <a href=\"http:\/\/www.singvoegel.com\/index.php\/tag\/JETZT\/\" target=\"_blank\">&#8222;JETZT&#8220;<\/a> haben wir 2012 \u00fcber ein <a href=\"http:\/\/www.pledgemusic.com\/artists\/singvoegel\" target=\"_blank\">Crowdfunding bei PledgeMusic<\/a> finanziert &#8211; das war eine tolle Erfahrung, dass unsere Fans uns so unterst\u00fctzten. Angespornt von dieser Erfahrung haben wir im Mai 2013, wieder mit Ingo Vogelmann als Produzent, 14 Tage lang in einem abgelegenen <a href=\"http:\/\/www.singvoegel.com\/index.php\/achtung-aufnahme\/\" target=\"_blank\">Ferienhaus auf der d\u00e4nischen Insel R\u00f8m\u00f8 das n\u00e4chste Album aufgenommen<\/a> und auch f\u00fcr dessen Produktion wieder ein Crowdfunding gestartet. Und erfogreich abgeschlossen.<\/p>\n<p>Da f\u00fcr die WESTWIND-Aufnahmen selbst schon ein viel gr\u00f6\u00dferer auch finanzieller Aufwand geleistet wurde, den wir uns so eigentlich nicht wirklich leisten k\u00f6nnen, haben wir f\u00fcr dieses Album das Ziel h\u00f6her angesetzt. Aber wir waren da nat\u00fcrlich auch optimistisch, denn wir haben wahnsinnig tolle Fans. Und Crowdfunding ist ja auch keine Spendenveranstaltung, sondern f\u00fcr das &#8222;mitpledgen&#8220; bekommt man ja auch richtig amtliche Sachen. Der Optimismus wurde entsprechend auch nicht entt\u00e4uscht.<\/p>\n<p>Achso, und wer auf Facebook ist kann uns <a href=\"http:\/\/facebook.com\/singvoegel\" target=\"_blank\">dort nat\u00fcrlich auch &#8222;liken&#8220;<\/a> und bleibt auch da auf dem Laufenden \ud83d\ude42<\/p>\n<p><iframe loading=\"lazy\" style=\"border: none; overflow: hidden; width: 800px; height: 590px;\" src=\"\/\/www.facebook.com\/plugins\/likebox.php?href=https%3A%2F%2Fwww.facebook.com%2Fsingvoegel&amp;width=800&amp;height=590&amp;colorscheme=light&amp;show_faces=true&amp;header=true&amp;stream=true&amp;show_border=true\" height=\"240\" width=\"320\" frameborder=\"0\" scrolling=\"no\"><\/iframe><\/p>\n<p>&nbsp;<\/p>\n","protected":false},"excerpt":{"rendered":"<p>Ich spiele Schlagzeug und diverse Percussions, seit Mitte der 80ger. Und seit 2006 mit Karan und Duke in der Band Singv\u00f8gel, f\u00fcr die ich auch arrangiere und sogar auch hin und wieder etwas komponiere. Mit Singv\u00f8gel habe ich inzwischen 4 Alben aufgenommen &#8211; zwei davon noch im technisch etwas holprigen &#8222;Homerecording&#8220;-Modus, aber die dritte, &#8222;JETZT&#8220;, &hellip; <a href=\"https:\/\/svenscholz.de\/index.php\/singvoegel\/\" class=\"more-link\"><span class=\"screen-reader-text\">Singv\u00f8gel<\/span> weiterlesen <span class=\"meta-nav\">&rarr;<\/span><\/a><\/p>\n","protected":false},"author":27,"featured_media":0,"parent":0,"menu_order":0,"comment_status":"open","ping_status":"open","template":"","meta":{"footnotes":""},"class_list":["post-560","page","type-page","status-publish","hentry"],"_links":{"self":[{"href":"https:\/\/svenscholz.de\/index.php\/wp-json\/wp\/v2\/pages\/560","targetHints":{"allow":["GET"]}}],"collection":[{"href":"https:\/\/svenscholz.de\/index.php\/wp-json\/wp\/v2\/pages"}],"about":[{"href":"https:\/\/svenscholz.de\/index.php\/wp-json\/wp\/v2\/types\/page"}],"author":[{"embeddable":true,"href":"https:\/\/svenscholz.de\/index.php\/wp-json\/wp\/v2\/users\/27"}],"replies":[{"embeddable":true,"href":"https:\/\/svenscholz.de\/index.php\/wp-json\/wp\/v2\/comments?post=560"}],"version-history":[{"count":12,"href":"https:\/\/svenscholz.de\/index.php\/wp-json\/wp\/v2\/pages\/560\/revisions"}],"predecessor-version":[{"id":875,"href":"https:\/\/svenscholz.de\/index.php\/wp-json\/wp\/v2\/pages\/560\/revisions\/875"}],"wp:attachment":[{"href":"https:\/\/svenscholz.de\/index.php\/wp-json\/wp\/v2\/media?parent=560"}],"curies":[{"name":"wp","href":"https:\/\/api.w.org\/{rel}","templated":true}]}}