{"id":570,"date":"2013-08-07T16:30:01","date_gmt":"2013-08-07T15:30:01","guid":{"rendered":"http:\/\/www.svenscholz.de\/?page_id=570"},"modified":"2013-08-09T13:05:21","modified_gmt":"2013-08-09T12:05:21","slug":"sven-scholz","status":"publish","type":"page","link":"https:\/\/svenscholz.de\/index.php\/sven-scholz\/","title":{"rendered":"Sven Scholz"},"content":{"rendered":"<p><a href=\"http:\/\/www.ipernity.com\/doc\/sven\/20007829\" target=\"_blank\"><img loading=\"lazy\" decoding=\"async\" title=\"Me - 20130515\" alt=\"Me - 20130515\" src=\"http:\/\/u1.ipernity.com\/28\/78\/29\/20007829.adef5e1f.640.jpg?r1\" width=\"640\" height=\"428\" \/><\/a><\/p>\n<p>Ein paar Worte \u00fcber mich und dieses Blog hier. Damit ihr wisst, mit wem ihrs hier zu tun habt \ud83d\ude42<\/p>\n<p>Das hier ist das dritte Blog, an dem ich rumschreibe. Das erste hatte ich ungef\u00e4hr ums Jahr 2000 herum \u00fcber das damalige blogger.com, stand nix weltbewegendes drin, habe ich 2003 gel\u00f6scht und das erste &#8222;sagichdoch?&#8220; auf dieser Domain angelegt, auch schon mit WordPress. 2007 ging der Server, auf dem das lag, so kaputt, dass es nicht mehr wiederherstellbar war, was \u00e4rgerlich war, denn gerade 2006 und 2007 war ich ein recht flei\u00dfiger Blogger und es gingen mir einige Artikel verloren, die ich wirklich wichtig fand. Nein, ich hatte kein Backup, jedenfalls keins, das funktioniert h\u00e4tte. Aber \u00fcber die Waybackmachine von archive.org konnte ich zumindest das f\u00fcr mich Wichtigste restaurieren, vor allem die &#8222;Grundgesetz f\u00fcr Sch\u00e4uble&#8220;-Aktion war mir da wichtig, denn auf die bin ich bis heute schon noch ein bisschen stolz &#8211; alles, was hier \u00e4lter als Ende 2007 ist kommt von archive.org. Nur, falls sich wer wundert, warum manche alte Artikel so aussehen wie sie aussehen.<\/p>\n<p>Ich schreibe hier haupts\u00e4chlich pers\u00f6nliche Meinung rein. Meine. Man darf bei mir auch anderer Meinung sein, aber ich erwarte, dass man Meinung so \u00e4u\u00dfert, dass sie eben eine andere Meinung ist. Meinungen sind n\u00e4mlich nicht &#8222;richtig&#8220; oder &#8222;falsch&#8220;. Sondern h\u00f6chstens mehr oder weniger plausibel begr\u00fcndbar oder nachvollziehbar. <\/p>\n<p>&#8222;Falsch&#8220; oder &#8222;Richtig&#8220; k\u00f6nnen nur Behauptungen sein. Und dieses &#8222;Falsch&#8220; oder &#8222;Richtig&#8220; ist nicht abh\u00e4ngig von der Person (ihrem Aussehen, Geschlecht, Bildung, Titel, whatever), die sie aufstellt sondern ausschlie\u00dflich von Belegbarkeit oder Schl\u00fcssigkeit. Ich mag da altmodisch sein, aber ich differenziere da gern und deutlich. Und werde, eine pers\u00f6nliche Schw\u00e4che, schnell ungeduldig und unleidlich gegen\u00fcber Leuten, die diese Unterscheidung nicht hinbekommen.<\/p>\n<p>Wenn ich hier so rum-meine bezieht sich das meist auf Politisches und Gesellschaftliches. Wobei ich &#8222;Politik&#8220; sehr weit fasse, weit \u00fcber &#8222;Parteipolitik&#8220; hinaus und tief ins Gesellschaftliche, Kulturelle hinein. Politik betrifft uns alle n\u00e4mlich direkt und unmittelbar, und zwar st\u00e4ndig. Auch wenn das manche Menschen, die sich gern als &#8222;unpolitisch&#8220; sehen oder &#8222;Politik nicht interessiert&#8220; nicht wahr haben wollen. <\/p>\n<p>Ansonsten gibts hier auch anderes pers\u00f6nliches zu lesen und zu sehen. Dinge, die mir gefallen oder nicht gefallen und f\u00fcr die ich mich einfach interessiere, im Bereich Technik, Medien und Internet (Immerhin hatte ich mal eine eigene Werbeagentur und \u00fcberhaupt arbeite ich seit \u00fcber 15 Jahren in diesem Bereich von Print bis Internet), Sprachen (ich hab ja immerhin mal Germanistik und Indogermanistik studiert), und Dinge, die ich so tue, denn ich reise gern, <a href=\"http:\/\/www.ipernity.com\/home\/sven\" target=\"_blank\">fotografiere<\/a> leidenschaftlich gern (und nat\u00fcrlich auch gerade auf Reisen gern und viel), blogge speziell \u00fcbers Fotografieren auch in einem <a href=\"http:\/\/fotoschraubr.wordpress.com\/\" target=\"_blank\">eigenen Foto-Blog<\/a> und tu&#8216; auch sonst verschiedene Sachen, von denen ich dann auch gern mal erz\u00e4hle &#8211; was n\u00fctzen mir Erfahrungen, wenn ich sie nicht reflektiere, und was ist eine bessere Reflexion als die am Spiegel meiner Umwelt? <\/p>\n<p>&#8222;Pers\u00f6nliches&#8220; hei\u00dft dabei aber nicht &#8222;Privates&#8220;, ich trenne da sehr genau (und bitte auch Menschen, die mich privat kennen und hier kommentieren, diese Trennung zu ber\u00fccksichtigen). Man kann im Netz, nicht nur hier, sehr viel \u00fcber meine Person finden und erfahren, und der Rahmen, den ich als &#8222;pers\u00f6nlich&#8220; empfinde aber (noch) nicht &#8222;privat&#8220; ist sehr weit gesteckt. Aber ein paar bestimmte Dinge, eben die, die ich selber als privat erachte, findet man auch nicht. Da bin ich auch durchaus ein bisschen stolz drauf, dass mir das in nunmehr bald 20 Jahren &#8222;Internetpr\u00e4senz&#8220; ganz gut gelungen ist. Und nehme mich deshalb auch immer gern als &#8222;Beleg&#8220; daf\u00fcr, dass das mit der &#8222;informationellen Selbstbestimmung&#8220; eigentlich ganz gut funktioniert, wenn man nur ein klein bisschen drauf achtet. <\/p>\n<p>Ja, ich wei\u00df, diverse Beh\u00f6rden und Geheimdienste hier und weltweit schnorcheln auch &#8222;Privates&#8220; ab, wo und wenn immer sie k\u00f6nnen und verkn\u00fcpfen die Daten, die sie aus den unterschiedlichsten Quellen absch\u00f6pfen, am Ende sogar noch, so dass es gegen\u00fcber diesen kaum etwas bringt, zwischen Informationen, die \u00fcber den einen Dienst laufen und denen \u00fcber einen anderen zu trennen. DAS aber ist eben der Unterschied zwischen <em>Selbst<\/em>bestimmung und <em>Fremd<\/em>bestimmung. <\/p>\n<p>Weshalb ich mich auch regelm\u00e4\u00dfig \u00e4rgere \u00fcber Leute, die das, was ich &#8211; freiwillig und selbstbestimmt &#8211; nach <a href=\"http:\/\/www.facebook.com\/svenscholz\" target=\"_blank\">facebook<\/a>, <a href=\"http:\/\/plus.svenscholz.de\/\" target=\"_blank\">Google<\/a>, twitter, <a href=\"http:\/\/instagram.com\/svenscholz\" target=\"_blank\">instagram<\/a>, <a href=\"http:\/\/www.eyeem.com\/svenscholz\" target=\"_blank\">EyeEm<\/a>, <a href=\"https:\/\/alpha.app.net\/svenscholz\" target=\"_blank\">app.net<\/a>oder wohin auch immer rausgebe (ich mach ja fast jeden Schei\u00df mit, zumindest probier ich&#8217;s fast immer mal aus :-D) in einen Topf werfen mit solchen Schn\u00fcffeleien nach \u00dcberwachungsstaatmanier seitens solcher Beh\u00f6rden.<\/p>\n<p>Ein gro\u00dfer Teil meines Lebens wird aber auch von Musik bestimmt. Vor allem spiele ich Schlagzeug &#038; Percussion und arrangiere und komponiere in der Band <a href=\"http:\/\/singvoegel.com\" target=\"_blank\">Singv\u00f8gel<\/a>, und da wir mit dieser Band einige Ambitionen haben werden auch Themen zu diesem Teil meines Lebens hier in diesem Blog behandelt, ist ja irgendwie logisch, denke ich. Aber dar\u00fcber hab ich <a href=\"http:\/\/www.svenscholz.de\/index.php\/singvoegel\/\">hier<\/a> auch noch einmal genaueres geschrieben. Klar, Musik ist Geschmacksache, ich erwarte nicht, dass meine allen gef\u00e4llt, aber dass ich sie hier promote oder thematisiere, da m\u00fcsst ihr durch \ud83d\ude09<\/p>\n<p>Wie gesagt, ich schreibe hier, was <em>mich<\/em> interessiert. Wenn andere das auch interessant finden freue ich mich nat\u00fcrlich, auch \u00fcber Feedbacks, Erg\u00e4nzungen und inhaltliche Diskussionen. <\/p>\n<p>Was gar nicht geht sind Leute, die mir erz\u00e4hlen, dass irgendwas, das ich schreibe, ein &#8222;unwichtiges&#8220; oder &#8222;uninteressantes&#8220; Thema sei: das hier ist ein pers\u00f6nliches Blog, und w\u00e4re ein Thema &#8211; f\u00fcr mich &#8211; uninteressant oder unwichtig, dann w\u00fcrde ich nicht dr\u00fcber schreiben. Wenns f\u00fcr wen anders uninteressant ist: nicht mein Problem, einfach woanders lesen gehen, wo jemand \u00fcber Themen schreibt, die man selbst auch  interessant findet.<\/p>\n<p>Noch lustiger finde ich Leute, die mir nicht nur erz\u00e4hlen, dass Dinge, die mich interessieren, &#8222;unwichtig&#8220; seien sondern mir dar\u00fcber hinaus noch sagen, was ich stattdessen interessant zu finden h\u00e4tte und wor\u00fcber wichtiges ich doch eher mal schreiben solle. Legt euer eigenes Blog an und schreibt dort selbst \u00fcber das, was ihr wichtig findet. Vielleicht finde ich das sogar interessant genug, um es mir durchzulesen. Ja, ich schreibe das hier hin, weil es wirklich Menschen gibt, die einem mit sowas daher kommen.<\/p>\n<p>Ein Wort vielleicht noch zum Kommentieren hier: ich behalte mir vor, Kommentare nicht freizuschalten bzw. zu l\u00f6schen. Das hier ist mein pers\u00f6nlicher Raum im Internet, ich hoste selber, ich bezahle das selber, entsprechend bestimme auch ich selber dar\u00fcber, wem ich meine Infrastruktur zur Verf\u00fcgung stelle und wem ich dar\u00fcber eine Plattform zu geben bereit bin. Nein, das ist keine Zensur, denn nur weil ich jemanden <em>hier<\/em> irgendwas, was ich als inad\u00e4quat, beleidigend, menschenverachtend oder sonstwie unpassend erachte, nicht erz\u00e4hlen lasse hei\u00dft das ja nicht, dass diese Person das nicht woanders kann so viel sie m\u00f6chte. Im eigenen Blog, zum Beispiel.<\/p>\n<p>So, mehr f\u00e4llt mir jetzt nicht ein, man selbst wei\u00df wohl auch am wenigsten, was andere an einem interessant finden k\u00f6nnten. Darum: wer was \u00fcber mich und meinen Hintergrund wissen m\u00f6chte &#8211; gern einfach fragen, ich bei\u00dfe nicht und solange etwas nicht unter das f\u00e4llt, was ich als &#8222;privat&#8220; erachte beantworte ich Fragen auch sehr gerne.<\/p>\n<p>Sven<\/p>\n","protected":false},"excerpt":{"rendered":"<p>Ein paar Worte \u00fcber mich und dieses Blog hier. Damit ihr wisst, mit wem ihrs hier zu tun habt \ud83d\ude42 Das hier ist das dritte Blog, an dem ich rumschreibe. Das erste hatte ich ungef\u00e4hr ums Jahr 2000 herum \u00fcber das damalige blogger.com, stand nix weltbewegendes drin, habe ich 2003 gel\u00f6scht und das erste &#8222;sagichdoch?&#8220; &hellip; <a href=\"https:\/\/svenscholz.de\/index.php\/sven-scholz\/\" class=\"more-link\"><span class=\"screen-reader-text\">Sven Scholz<\/span> weiterlesen <span class=\"meta-nav\">&rarr;<\/span><\/a><\/p>\n","protected":false},"author":27,"featured_media":0,"parent":0,"menu_order":0,"comment_status":"open","ping_status":"open","template":"","meta":{"footnotes":""},"class_list":["post-570","page","type-page","status-publish","hentry"],"_links":{"self":[{"href":"https:\/\/svenscholz.de\/index.php\/wp-json\/wp\/v2\/pages\/570","targetHints":{"allow":["GET"]}}],"collection":[{"href":"https:\/\/svenscholz.de\/index.php\/wp-json\/wp\/v2\/pages"}],"about":[{"href":"https:\/\/svenscholz.de\/index.php\/wp-json\/wp\/v2\/types\/page"}],"author":[{"embeddable":true,"href":"https:\/\/svenscholz.de\/index.php\/wp-json\/wp\/v2\/users\/27"}],"replies":[{"embeddable":true,"href":"https:\/\/svenscholz.de\/index.php\/wp-json\/wp\/v2\/comments?post=570"}],"version-history":[{"count":5,"href":"https:\/\/svenscholz.de\/index.php\/wp-json\/wp\/v2\/pages\/570\/revisions"}],"predecessor-version":[{"id":602,"href":"https:\/\/svenscholz.de\/index.php\/wp-json\/wp\/v2\/pages\/570\/revisions\/602"}],"wp:attachment":[{"href":"https:\/\/svenscholz.de\/index.php\/wp-json\/wp\/v2\/media?parent=570"}],"curies":[{"name":"wp","href":"https:\/\/api.w.org\/{rel}","templated":true}]}}